{"id":269,"date":"2019-09-17T12:30:14","date_gmt":"2019-09-17T19:30:14","guid":{"rendered":"https:\/\/espanol.pardyrodriguezlaw.com\/?page_id=269"},"modified":"2019-09-17T12:30:14","modified_gmt":"2019-09-17T19:30:14","slug":"accidentes-de-motora","status":"publish","type":"page","link":"https:\/\/pardyrodriguezlaw.com\/es\/areas-de-practica\/accidentes-de-auto\/accidentes-de-motora\/","title":{"rendered":"Accidentes de Motora"},"content":{"rendered":"<h1>Accidentes de Motora<\/h1>\n<h2>Ayud\u00e1ndole a ganar su caso de accidente de motora<\/h2>\n<p>Como los accidentes de motoras generalmente causan heridas graves, o incluso la muerte, nosotros tratamos tu caso con mucho respeto, y con toda nuestra atenci\u00f3n a los detalles.<\/p>\n<p>Los accidentes de motora pueden ser muy complejos y podr\u00edan tener diferentes problemas legales m\u00e1s que otros tipos de accidentes. Cosas como el utilizar la vestimenta correcta podr\u00edan afectar su caso.<\/p>\n<p>Nuestro equipo de abogados inmediatamente comenzar a investigar los detalles de su caso. En Pardy y Rodr\u00edguez tenemos la experiencia, el conocimiento y los recursos econ\u00f3micos para manejar todo tipo accidentes automovil\u00edsticos incluso los casos m\u00e1s complicados. Su caso es UNICO y merece nuestra mejor atenci\u00f3n, arduo trabajo y atenci\u00f3n a detalles. Denos la oportunidad de poder demostr\u00e1rselo.<\/p>\n<p>Seg\u00fan un estudio del 2016 sobre de fatalidades por accidentes, las muertes causadas por accidentes de motora son 28 veces m\u00e1s frecuentes que otras fatalidades en otros veh\u00edculos. <a href=\"https:\/\/www.nhtsa.gov\/road-safety\/motorcycle-safety\" target=\"_blank\" rel=\"noopener noreferrer\">Apriete aqu\u00ed para leer m\u00e1s<\/a>: Si usted, o un ser querido, ha sido v\u00edctima de un accidente de motora, d\u00e9jenos ayudarle.<\/p>\n<p>Seamos claros, no es f\u00e1cil recuperarse luego de tener un accidente de motora. Pero ayuda el entender c\u00f3mo la ley en Florida considera estos casos.<\/p>\n<h2>\u00bfQu\u00e9 cosas podr\u00edan afectar su caso de accidente de motora?<\/h2>\n<p>Los accidentes de motora pueden ser muy complejos. En accidente grave, los da\u00f1os a la propiedad podr\u00edan r\u00e1pidamente ser m\u00e1s que los l\u00edmites de su p\u00f3liza de seguro, o la p\u00f3liza de seguro del otro conductor.<\/p>\n<p>Aunque no usaras tu casco de seguridad usted tiene el derecho a abrir una reclamaci\u00f3n y tener un caso. Usted podr\u00eda tener el derecho de una recuperaci\u00f3n por sus heridas, dolor y sufrimiento, y reparaciones a la propiedad.<\/p>\n<p>Las condiciones en la carretera tambi\u00e9n podrian causar un accidente de motora. Estos podrian ser casos en contra de la ciudad, condado, estado, o podrian llegar a ser casos federales. Un bache\/roto podrian hacer que usted pierda el control de la motora y cause heridas a usted mismo o a otras personas.<\/p>\n<p>La cantidad de dinero que pueda recuperar luego de un accidente de motora depende de los hechos y circunstancias de su accidente, y por esa raz\u00f3n es que usted necesita la representaci\u00f3n y ayuda de un abogado con experiencia en casos de accidentes de motora.<\/p>\n<h2>\u00bfQu\u00e9 deber\u00edas de hacer como v\u00edctima de un accidente de motora?<\/h2>\n<p>Tan pronto llegue la polic\u00eda, le har\u00e1n preguntas sobre el accidente de motora. Sea honesto y sea claro. \u00a1Est\u00e1 bien decir que no sabes algo! Es mejor dar informaci\u00f3n correcta m\u00e1s tarde que dar informaci\u00f3n incorrecta al principio.<\/p>\n<p>Empiece un diario. Anote fechas, eventos, y cualquier cosa que te pase. Te lo agradecer\u00e1s m\u00e1s tarde.<\/p>\n<p>Cont\u00e1ctenos lo antes posible. Nuestro talentoso equipo de abogados querr\u00e1 trabajar en su caso de inmediato. Si el seguro te llama, favor de no les d\u00e9 una declaraci\u00f3n hasta primero hablar con un abogado.<\/p>\n<h2>Probando su caso<\/h2>\n<p>Es posible que se preocupe de c\u00f3mo probar\u00e1 a las compa\u00f1\u00edas de seguro que usted fue v\u00edctima de un accidente de motora. En casos como este, debe comunicarse con un abogado que tenga la experiencia necesaria en este tipo de accidente, como Pardy and Rodriguez. Tenemos varias oficinas en todo el estado y trabajaremos con usted y su agenda. Entendemos que est\u00e1 preocupado por su futuro y haremos todo lo posible para que vuelva a encarrilarse.<\/p>\n<h2>Dato Extra:<\/h2>\n<p>En el 2016, las muertes de motociclistas fueron 28 veces m\u00e1s frecuentes que las muertes de pasajeros en accidentes de auto cuando se toma en consideraci\u00f3n las millas viajadas.<\/p>\n\t\t\t<div class='shareThisWrapper '>\n\t\t\t\t<a target='_blank' class='dskSharingIcon dskSharingIcon_facebook' data-url='http:\/\/social.nextclient.com\/?site=fb&u=https%3A%2F%2Fpardyrodriguezlaw.com%2Fes%2Fareas-de-practica%2Faccidentes-de-auto%2Faccidentes-de-motora%2F'><img decoding=\"async\" alt=\"Facebook\" title=\"Facebook\" src=\"https:\/\/d78c52a599aaa8c95ebc-9d8e71b4cb418bfe1b178f82d9996947.ssl.cf1.rackcdn.com\/dsk_sharing\/icons\/ftlg_16.png\"><\/a>\n\t\t\t\t<a target='_blank' class='dskSharingIcon dskSharingIcon_twitter' data-url='http:\/\/social.nextclient.com\/?site=tw&u=https%3A%2F%2Fpardyrodriguezlaw.com%2Fes%2Fareas-de-practica%2Faccidentes-de-auto%2Faccidentes-de-motora%2F'><img decoding=\"async\" alt=\"Twitter\" title=\"Twitter\" src=\"https:\/\/d78c52a599aaa8c95ebc-9d8e71b4cb418bfe1b178f82d9996947.ssl.cf1.rackcdn.com\/dsk_sharing\/icons\/ftlg_16.png\"><\/a>\n\t\t\t\t<a target='_blank' class='dskSharingIcon dskSharingIcon_linkedin' data-url='http:\/\/social.nextclient.com\/?site=li&u=https%3A%2F%2Fpardyrodriguezlaw.com%2Fes%2Fareas-de-practica%2Faccidentes-de-auto%2Faccidentes-de-motora%2F'><img decoding=\"async\" alt=\"LinkedIn\" title=\"LinkedIn\" src=\"https:\/\/d78c52a599aaa8c95ebc-9d8e71b4cb418bfe1b178f82d9996947.ssl.cf1.rackcdn.com\/dsk_sharing\/icons\/ftlg_16.png\"><\/a>\n\t\t\t<\/div>","protected":false},"excerpt":{"rendered":"<p>Accidentes de Motora Ayud\u00e1ndole a ganar su caso de accidente de motora Como los accidentes de motoras generalmente causan heridas graves, o incluso la muerte, nosotros tratamos tu caso con mucho respeto, y con toda nuestra atenci\u00f3n a los detalles. Los accidentes de motora pueden ser muy complejos y podr\u00edan tener diferentes problemas legales&#8230;  <a href=\"https:\/\/pardyrodriguezlaw.com\/es\/areas-de-practica\/accidentes-de-auto\/accidentes-de-motora\/\">Read More &raquo;<\/a><\/p>\n","protected":false},"author":17,"featured_media":0,"parent":39,"menu_order":15,"comment_status":"closed","ping_status":"closed","template":"","meta":{"footnotes":""},"class_list":["post-269","page","type-page","status-publish","hentry"],"yoast_head":"<!-- This site is optimized with the Yoast SEO plugin v27.2 - https:\/\/yoast.com\/product\/yoast-seo-wordpress\/ -->\n<title>Accidentes de Motora - Pardy &amp; Rodriguez, P.A.<\/title>\n<meta name=\"robots\" content=\"index, follow, max-snippet:-1, max-image-preview:large, max-video-preview:-1\" \/>\n<link rel=\"canonical\" href=\"https:\/\/pardyrodriguezlaw.com\/es\/areas-de-practica\/accidentes-de-auto\/accidentes-de-motora\/\" \/>\n<meta property=\"og:locale\" content=\"en_US\" \/>\n<meta property=\"og:type\" content=\"article\" \/>\n<meta property=\"og:title\" content=\"Accidentes de Motora - Pardy &amp; Rodriguez, P.A.\" \/>\n<meta property=\"og:description\" content=\"Accidentes de Motora Ayud\u00e1ndole a ganar su caso de accidente de motora Como los accidentes de motoras generalmente causan heridas graves, o incluso la muerte, nosotros tratamos tu caso con mucho respeto, y con toda nuestra atenci\u00f3n a los detalles. Los accidentes de motora pueden ser muy complejos y podr\u00edan tener diferentes problemas legales... Read More &raquo;\" \/>\n<meta property=\"og:url\" content=\"https:\/\/pardyrodriguezlaw.com\/es\/areas-de-practica\/accidentes-de-auto\/accidentes-de-motora\/\" \/>\n<meta property=\"og:site_name\" content=\"Pardy &amp; Rodriguez, P.A.\" \/>\n<meta name=\"twitter:card\" content=\"summary_large_image\" \/>\n<meta name=\"twitter:label1\" content=\"Est. reading time\" \/>\n\t<meta name=\"twitter:data1\" content=\"3 minutes\" \/>\n<script type=\"application\/ld+json\" class=\"yoast-schema-graph\">{\"@context\":\"https:\/\/schema.org\",\"@graph\":[{\"@type\":\"WebPage\",\"@id\":\"https:\/\/pardyrodriguezlaw.com\/es\/areas-de-practica\/accidentes-de-auto\/accidentes-de-motora\/\",\"url\":\"https:\/\/pardyrodriguezlaw.com\/es\/areas-de-practica\/accidentes-de-auto\/accidentes-de-motora\/\",\"name\":\"Accidentes de Motora - Pardy &amp; Rodriguez, P.A.\",\"isPartOf\":{\"@id\":\"https:\/\/pardyrodriguezlaw.com\/es\/#website\"},\"datePublished\":\"2019-09-17T19:30:14+00:00\",\"breadcrumb\":{\"@id\":\"https:\/\/pardyrodriguezlaw.com\/es\/areas-de-practica\/accidentes-de-auto\/accidentes-de-motora\/#breadcrumb\"},\"inLanguage\":\"en-US\",\"potentialAction\":[{\"@type\":\"ReadAction\",\"target\":[\"https:\/\/pardyrodriguezlaw.com\/es\/areas-de-practica\/accidentes-de-auto\/accidentes-de-motora\/\"]}]},{\"@type\":\"BreadcrumbList\",\"@id\":\"https:\/\/pardyrodriguezlaw.com\/es\/areas-de-practica\/accidentes-de-auto\/accidentes-de-motora\/#breadcrumb\",\"itemListElement\":[{\"@type\":\"ListItem\",\"position\":1,\"name\":\"Home\",\"item\":\"https:\/\/pardyrodriguezlaw.com\/es\/\"},{\"@type\":\"ListItem\",\"position\":2,\"name\":\"Areas de Pr\u00e1ctica\",\"item\":\"https:\/\/pardyrodriguezlaw.com\/es\/areas-de-practica\/\"},{\"@type\":\"ListItem\",\"position\":3,\"name\":\"Accidentes de Auto\",\"item\":\"https:\/\/pardyrodriguezlaw.com\/es\/areas-de-practica\/accidentes-de-auto\/\"},{\"@type\":\"ListItem\",\"position\":4,\"name\":\"Accidentes de Motora\"}]},{\"@type\":\"WebSite\",\"@id\":\"https:\/\/pardyrodriguezlaw.com\/es\/#website\",\"url\":\"https:\/\/pardyrodriguezlaw.com\/es\/\",\"name\":\"Pardy &amp; Rodriguez, P.A.\",\"description\":\"\",\"potentialAction\":[{\"@type\":\"SearchAction\",\"target\":{\"@type\":\"EntryPoint\",\"urlTemplate\":\"https:\/\/pardyrodriguezlaw.com\/es\/?s={search_term_string}\"},\"query-input\":{\"@type\":\"PropertyValueSpecification\",\"valueRequired\":true,\"valueName\":\"search_term_string\"}}],\"inLanguage\":\"en-US\"}]}<\/script>\n<!-- \/ Yoast SEO plugin. -->","yoast_head_json":{"title":"Accidentes de Motora - Pardy &amp; Rodriguez, P.A.","robots":{"index":"index","follow":"follow","max-snippet":"max-snippet:-1","max-image-preview":"max-image-preview:large","max-video-preview":"max-video-preview:-1"},"canonical":"https:\/\/pardyrodriguezlaw.com\/es\/areas-de-practica\/accidentes-de-auto\/accidentes-de-motora\/","og_locale":"en_US","og_type":"article","og_title":"Accidentes de Motora - Pardy &amp; Rodriguez, P.A.","og_description":"Accidentes de Motora Ayud\u00e1ndole a ganar su caso de accidente de motora Como los accidentes de motoras generalmente causan heridas graves, o incluso la muerte, nosotros tratamos tu caso con mucho respeto, y con toda nuestra atenci\u00f3n a los detalles. Los accidentes de motora pueden ser muy complejos y podr\u00edan tener diferentes problemas legales... Read More &raquo;","og_url":"https:\/\/pardyrodriguezlaw.com\/es\/areas-de-practica\/accidentes-de-auto\/accidentes-de-motora\/","og_site_name":"Pardy &amp; Rodriguez, P.A.","twitter_card":"summary_large_image","twitter_misc":{"Est. reading time":"3 minutes"},"schema":{"@context":"https:\/\/schema.org","@graph":[{"@type":"WebPage","@id":"https:\/\/pardyrodriguezlaw.com\/es\/areas-de-practica\/accidentes-de-auto\/accidentes-de-motora\/","url":"https:\/\/pardyrodriguezlaw.com\/es\/areas-de-practica\/accidentes-de-auto\/accidentes-de-motora\/","name":"Accidentes de Motora - Pardy &amp; Rodriguez, P.A.","isPartOf":{"@id":"https:\/\/pardyrodriguezlaw.com\/es\/#website"},"datePublished":"2019-09-17T19:30:14+00:00","breadcrumb":{"@id":"https:\/\/pardyrodriguezlaw.com\/es\/areas-de-practica\/accidentes-de-auto\/accidentes-de-motora\/#breadcrumb"},"inLanguage":"en-US","potentialAction":[{"@type":"ReadAction","target":["https:\/\/pardyrodriguezlaw.com\/es\/areas-de-practica\/accidentes-de-auto\/accidentes-de-motora\/"]}]},{"@type":"BreadcrumbList","@id":"https:\/\/pardyrodriguezlaw.com\/es\/areas-de-practica\/accidentes-de-auto\/accidentes-de-motora\/#breadcrumb","itemListElement":[{"@type":"ListItem","position":1,"name":"Home","item":"https:\/\/pardyrodriguezlaw.com\/es\/"},{"@type":"ListItem","position":2,"name":"Areas de Pr\u00e1ctica","item":"https:\/\/pardyrodriguezlaw.com\/es\/areas-de-practica\/"},{"@type":"ListItem","position":3,"name":"Accidentes de Auto","item":"https:\/\/pardyrodriguezlaw.com\/es\/areas-de-practica\/accidentes-de-auto\/"},{"@type":"ListItem","position":4,"name":"Accidentes de Motora"}]},{"@type":"WebSite","@id":"https:\/\/pardyrodriguezlaw.com\/es\/#website","url":"https:\/\/pardyrodriguezlaw.com\/es\/","name":"Pardy &amp; Rodriguez, P.A.","description":"","potentialAction":[{"@type":"SearchAction","target":{"@type":"EntryPoint","urlTemplate":"https:\/\/pardyrodriguezlaw.com\/es\/?s={search_term_string}"},"query-input":{"@type":"PropertyValueSpecification","valueRequired":true,"valueName":"search_term_string"}}],"inLanguage":"en-US"}]}},"_links":{"self":[{"href":"https:\/\/pardyrodriguezlaw.com\/es\/wp-json\/wp\/v2\/pages\/269","targetHints":{"allow":["GET"]}}],"collection":[{"href":"https:\/\/pardyrodriguezlaw.com\/es\/wp-json\/wp\/v2\/pages"}],"about":[{"href":"https:\/\/pardyrodriguezlaw.com\/es\/wp-json\/wp\/v2\/types\/page"}],"author":[{"embeddable":true,"href":"https:\/\/pardyrodriguezlaw.com\/es\/wp-json\/wp\/v2\/users\/17"}],"replies":[{"embeddable":true,"href":"https:\/\/pardyrodriguezlaw.com\/es\/wp-json\/wp\/v2\/comments?post=269"}],"version-history":[{"count":0,"href":"https:\/\/pardyrodriguezlaw.com\/es\/wp-json\/wp\/v2\/pages\/269\/revisions"}],"up":[{"embeddable":true,"href":"https:\/\/pardyrodriguezlaw.com\/es\/wp-json\/wp\/v2\/pages\/39"}],"wp:attachment":[{"href":"https:\/\/pardyrodriguezlaw.com\/es\/wp-json\/wp\/v2\/media?parent=269"}],"curies":[{"name":"wp","href":"https:\/\/api.w.org\/{rel}","templated":true}]}}