{"id":41,"date":"2019-09-04T16:28:29","date_gmt":"2019-09-04T23:28:29","guid":{"rendered":"https:\/\/espanol.pardyrodriguezlaw.com.php73-36.phx1-1.websitetestlink.com\/?page_id=41"},"modified":"2025-04-14T12:00:51","modified_gmt":"2025-04-14T12:00:51","slug":"resbalones-y-caidas","status":"publish","type":"page","link":"https:\/\/pardyrodriguezlaw.com\/es\/areas-de-practica\/resbalones-y-caidas\/","title":{"rendered":"Resbalones y Ca\u00eddas"},"content":{"rendered":"<h1>Abogados de Resbalones y Ca\u00eddas en Orlando<\/h1>\n<h2><strong>Tampa | Kissimmee | Poinciana | Bradenton | Davenport<\/strong><\/h2>\n<p>Los accidentes por resbalones y ca\u00eddas son especialmente problem\u00e1ticos: pueden ocurrirle a cualquiera, en cualquier lugar y en cualquier momento. Este tipo de accidentes de tropiezos y ca\u00eddas pueden avergonzarnos. Usted puede sentir que no est\u00e1 gravemente herido, o que usted tiene la culpa. Aunque es posible que quiera seguir adelante r\u00e1pidamente (\u00a1subida de adrenalina!) y dejar todo atr\u00e1s, eso es precisamente lo que no debe hacer<\/p>\n<p><strong><em>En esta p\u00e1gina, cubrimos los pasos que debe dar si ha tenido un accidente de resbal\u00f3n y ca\u00edda.<\/em><\/strong><\/p>\n<p>Seg\u00fan el Instituto Nacional de Seguridad de los Suelos:<\/p>\n<ul>\n<li>Hay m\u00e1s mujeres que hombres que sufren un accidente por resbal\u00f3n y ca\u00edda. Seg\u00fan la\u00a0<a href=\"https:\/\/www.bls.gov\/iif\/\" target=\"_blank\" rel=\"noopener\">Oficina de Estad\u00edsticas Laborales<\/a>, las ca\u00eddas representan el 5% de las muertes relacionadas con el trabajo de las mujeres, frente al 11% de los hombres. M\u00e1s de ocho millones de visitas a urgencias son atribuibles a accidentes por resbalones y ca\u00eddas, por lo que es la principal causa de visitas a urgencias. En todo el pa\u00eds, este tipo de incidentes supone m\u00e1s de un mill\u00f3n de visitas anuales.<\/li>\n<li>Los accidentes por resbalones y ca\u00eddas son una de las principales causas de p\u00e9rdida de d\u00edas de trabajo. Seg\u00fan el informe Industrial Safety &amp;OccupationalHealthMarkets, las reclamaciones de indemnizaci\u00f3n de los trabajadores comprenden el 85% de los accidentes notificados por resbalones en suelos resbaladizos. M\u00e1s del 22% de los incidentes por resbalones\/ca\u00eddas provocaron m\u00e1s de 31 d\u00edas de baja laboral. En consecuencia, las personas que se caen suelen sufrir fracturas u otras lesiones graves<\/li>\n<li>Las fracturas de cadera, las lesiones de espalda, las lesiones de la m\u00e9dula espinal y las lesiones cerebrales son s\u00f3lo algunos de los da\u00f1os asociados a los accidentes por resbalones y ca\u00eddas, que provocan importantes problemas de salud y muertes.<\/li>\n<li>Aunque los accidentes mortales en el trabajo est\u00e1n disminuyendo debido a las medidas de seguridad m\u00e1s estrictas impuestas, los incidentes por resbalones y ca\u00eddas siguen produci\u00e9ndose en pr\u00e1cticamente todos los sectores de servicios y de fabricaci\u00f3n. El mayor \u00edndice de ca\u00eddas mortales sigue apareciendo en la miner\u00eda, la construcci\u00f3n, los camiones y las actividades espec\u00edficas de mantenimiento (elevaci\u00f3n)<\/li>\n<\/ul>\n<h2><strong><em>Estas son las \u00e1reas m\u00e1s comunes en las que se producen accidentes por resbalones y ca\u00eddas:<\/em><\/strong><\/h2>\n<ul>\n<li>Accidentes de ascensor\/escalera<\/li>\n<li>Mal funcionamiento del equipo<\/li>\n<li>Iluminaci\u00f3n inadecuada o deficiente<\/li>\n<li>Alfombras sueltas en las entradas<\/li>\n<li>Suelos mojados sin se\u00f1alizaci\u00f3n<\/li>\n<\/ul>\n<p>Los lugares p\u00fablicos, como el gimnasio, los centros comerciales, las tiendas de comestibles, los restaurantes, los hoteles, los cines, los complejos de apartamentos y los edificios de oficinas, tienen la obligaci\u00f3n legal de garantizar que sus instalaciones y las personas que se encuentran en ellas est\u00e9n a salvo de cualquier da\u00f1o.<\/p>\n<h2><strong>Despu\u00e9s de un accidente de resbal\u00f3n y ca\u00edda en Orlando<\/strong><\/h2>\n<p><strong>Lo que debe hacer:<\/strong><\/p>\n<ul>\n<li>Pregunte por un gerente; presente un informe del incidente.<\/li>\n<li>Obtenga la informaci\u00f3n de contacto de cualquier testigo.<\/li>\n<li>Busque atenci\u00f3n m\u00e9dica inmediata si es necesario.<\/li>\n<li>Tome fotos (si tiene un tel\u00e9fono celular)<\/li>\n<\/ul>\n<h2><strong>Leyes de resbalones y ca\u00eddas de Florida<\/strong><\/h2>\n<p>Las leyes sobre resbalones y ca\u00eddas de Florida han sido creadas en parte por los tribunales a trav\u00e9s de la jurisprudencia y en parte por el poder legislativo:\u00a0<a href=\"https:\/\/casetext.com\/statute\/florida-statutes\/title-xlv-torts\/chapter-768-negligence\/part-i-general-provisions\/section-7680755-premises-liability-for-transitory-foreign-substances-in-a-business-establishment\/analysis?citingPage=1&amp;sort=relevance\" target=\"_blank\" rel=\"noopener\">Estatutos Revisados de Florida 768.0755<\/a>. De acuerdo con el estatuto, para prevalecer en una demanda por resbal\u00f3n y ca\u00edda, la parte lesionada debe demostrar que el negocio no resolvi\u00f3 una condici\u00f3n peligrosa y que el negocio era consciente de la situaci\u00f3n peligrosa, teniendo aviso real o constructivo. Seg\u00fan la ley de Florida, la parte lesionada puede recibir una compensaci\u00f3n por da\u00f1os econ\u00f3micos y no econ\u00f3micos, incluyendo la p\u00e9rdida de trabajo, las facturas m\u00e9dicas y el dolor y el sufrimiento.<\/p>\n<p>Ganar una demanda en Orlando puede ser un reto. Florida es uno de los muchos estados con requisitos detallados por escrito que establecen lo que una parte lesionada en una demanda por resbal\u00f3n y ca\u00edda debe probar. Probar una <em>violaci\u00f3n del deber<\/em> de cuidado es el desaf\u00edo &#8211; la parte lesionada debe probar que las lesiones fueron causadas por la negligencia de la empresa o del propietario, donde se produjo la lesi\u00f3n. Si usted se ha lesionado en un accidente de resbal\u00f3n y ca\u00edda en Florida, necesita saber:<\/p>\n<ul>\n<li>Si tiene un caso<\/li>\n<li>Qu\u00e9 leyes se aplican<\/li>\n<li>Lo que puede esperar para ganar<\/li>\n<\/ul>\n<p>Las leyes de Florida relativas a las lesiones por resbalones y ca\u00eddas pueden ser muy complejas, ya sea en el trabajo o por un suelo mojado, una alfombra suelta en un hotel, bar, tienda de comestibles o centro comercial.<\/p>\n<p><a href=\"https:\/\/pardyrodriguezlaw.com\/es\/personal-injury\/\">Los abogados de lesiones personales Pardy&amp; Rodr\u00edguez, P.A.<\/a>\u00a0est\u00e1n aqu\u00ed para ayudar. Tenemos los recursos y m\u00e1s de cien a\u00f1os de experiencia colectiva en accidentes de resbalones y ca\u00eddas, as\u00ed como en otras \u00e1reas de la ley de lesiones personales.<\/p>\n<h3><strong><em>Lo que hacemos para construir su caso para demostrar que el acusado fue negligente para que podamos litigar su caso con \u00e9xito:<\/em><\/strong><\/h3>\n<ul>\n<li>Reunir y preservar las pruebas, y documentar los da\u00f1os<\/li>\n<li>Identificar a los acusados y procurar la cobertura del seguro.<\/li>\n<li>Tratar directamente con la compa\u00f1\u00eda de seguros<\/li>\n<li>Estar al tanto de su atenci\u00f3n m\u00e9dica.<\/li>\n<\/ul>\n<p>Requisitos de la parte lesionada en un caso de resbal\u00f3n y ca\u00edda en Florida<\/p>\n<h2><strong><em>Bajo las leyes de resbalones y ca\u00eddas de la Florida, buscaremos probar lo siguiente:<\/em><\/strong><\/h2>\n<ul>\n<li>La ca\u00edda no se produjo en su propiedad.<\/li>\n<li>Usted resbal\u00f3 en la propiedad de otra persona sobre una sustancia que cre\u00f3 una condici\u00f3n peligrosa.<\/li>\n<li>El due\u00f1o de la propiedad ten\u00eda conocimiento real o de la condici\u00f3n peligrosa o que la situaci\u00f3n peligrosa exist\u00eda por un per\u00edodo suficientemente largo que el due\u00f1o deber\u00eda haber encontrado y no hizo las reparaciones necesarias. O que la condici\u00f3n peligrosa se produjo repetidamente, y el due\u00f1o de la propiedad deber\u00eda haberla conocido por esa raz\u00f3n.<\/li>\n<li>Tambi\u00e9n podemos demostrar que el due\u00f1o de la propiedad conoc\u00eda las condiciones peligrosas y tuvo tiempo suficiente para hacer las reparaciones necesarias.<\/li>\n<\/ul>\n<h2><strong>Las Leyes Comunes de Resbalones y Ca\u00eddas de Florida<\/strong><\/h2>\n<p>Debido a que ninguna ley escrita puede abarcar todos los escenarios posibles, es necesario tener en cuenta el derecho com\u00fan de la Florida al evaluar un caso. Las leyes comunes son creadas por los jueces a medida que surgen diversas cuestiones durante los casos reales, a\u00f1adiendo detalles a la ley, es decir, qu\u00e9 tipos de da\u00f1os pueden ser recuperados en un caso de resbal\u00f3n y ca\u00edda. <strong>Los abogados de Pardy&amp; Rodr\u00edguez, P.A<\/strong>. conocen estas leyes comunes y est\u00e1n preparados para utilizarlas en su defensa.<\/p>\n<h2><strong>Estatuto de Limitaciones de la Florida<\/strong><\/h2>\n<p><strong>La ley de Florida 95.11(3)(6) <\/strong>establece que la parte perjudicada en todas las reclamaciones por lesiones personales por negligencia tiene cuatro a\u00f1os a partir de la fecha del suceso para presentar su reclamaci\u00f3n.<\/p>\n<h2><strong>Negligencia Comparativa<\/strong><\/h2>\n<p>La ley de negligencia comparativa que se aplica en los casos de resbalones y ca\u00eddas en Florida es la <strong>ley 768.81 de Florida<\/strong>. La negligencia comparativa establece que tanto el demandante como el demandado pueden compartir por igual la responsabilidad del accidente. Por ejemplo, digamos que hay una obstrucci\u00f3n en una pasarela que es visible pero no est\u00e1 se\u00f1alizada. Mientras que el due\u00f1o de la propiedad puede haber sido negligente en marcar o reparar, usted puede ser igualmente responsable por no tomar ninguna medida o precauci\u00f3n para evitarlo. Sin embargo, la ley sigue permitiendo a las partes lesionadas recuperar alguna compensaci\u00f3n, incluso si usted es parcialmente culpable.<\/p>\n<h2><strong>Presentaci\u00f3n de una demanda en Florida<\/strong><\/h2>\n<p>La parte lesionada debe iniciar una citaci\u00f3n y demanda; nosotros presentamos la demanda en su nombre, presentando los hechos del caso y que el caso se basa en las leyes de negligencia de lesiones personales de Florida. Presentaremos la demanda en el tribunal correspondiente antes de la fecha l\u00edmite.<\/p>\n<h2><strong>P\u00f3ngase en Contacto con Nuestros Abogados Especializados En Resbalones y Ca\u00eddas de Orlando<\/strong><\/h2>\n<p>Las lesiones pueden devastar su vida; no permita que esto le suceda a usted y a su familia. Aunque un accidente de resbal\u00f3n y ca\u00edda es complejo, usted merece justicia. Si usted ha sido lesionado en un accidente de este tipo en el trabajo y ha sufrido heridas o ha perdido a un ser querido en un accidente fatal de compensaci\u00f3n al trabajador, usted necesita a los abogados de resbalones y ca\u00eddas de Orlando Pardy&amp; Rodr\u00edguez, P.A. a su lado en cada paso del camino.<\/p>\n<p>Los abogados de resbalones y ca\u00eddas de Orlando, Pardy&amp; Rodr\u00edguez, P.A., es un equipo legal que puede ayudarle a entender las complejas leyes de la Florida, lo que usted tiene derecho, y c\u00f3mo van a representarlo cuando usted ha sido lesionado en un accidente de resbal\u00f3n y ca\u00edda. Nuestro equipo tiene una amplia experiencia en la comprensi\u00f3n de las leyes estatutarias y las leyes comunes aplicables al caso. Le ayudamos a determinar lo que es necesario probar para ganar su caso. Luego, le ayudaremos a tomar medidas. Nuestro equipo puede manejar todos los pasos necesarios en su nombre para asegurar que usted reciba una compensaci\u00f3n justa por su reclamo.<\/p>\n<p><a href=\"https:\/\/pardyrodriguezlaw.com\/es\/contact-us\/\">Ll\u00e1menos hoy<\/a> para su evaluaci\u00f3n <strong>GRATIS de su caso<\/strong>. Para m\u00e1s informaci\u00f3n sobre otros tipos de casos que manejamos, por favor visite nuestro\u00a0<a href=\"https:\/\/pardyrodriguezlaw.com\/es\/\">sitio web<\/a>.<\/p>\n<p>&nbsp;<\/p>\n\t\t\t<div class='shareThisWrapper '>\n\t\t\t\t<a target='_blank' class='dskSharingIcon dskSharingIcon_facebook' data-url='http:\/\/social.nextclient.com\/?site=fb&u=https%3A%2F%2Fpardyrodriguezlaw.com%2Fes%2Fareas-de-practica%2Fresbalones-y-caidas%2F'><img decoding=\"async\" alt=\"Facebook\" title=\"Facebook\" src=\"https:\/\/d78c52a599aaa8c95ebc-9d8e71b4cb418bfe1b178f82d9996947.ssl.cf1.rackcdn.com\/dsk_sharing\/icons\/ftlg_16.png\"><\/a>\n\t\t\t\t<a target='_blank' class='dskSharingIcon dskSharingIcon_twitter' data-url='http:\/\/social.nextclient.com\/?site=tw&u=https%3A%2F%2Fpardyrodriguezlaw.com%2Fes%2Fareas-de-practica%2Fresbalones-y-caidas%2F'><img decoding=\"async\" alt=\"Twitter\" title=\"Twitter\" src=\"https:\/\/d78c52a599aaa8c95ebc-9d8e71b4cb418bfe1b178f82d9996947.ssl.cf1.rackcdn.com\/dsk_sharing\/icons\/ftlg_16.png\"><\/a>\n\t\t\t\t<a target='_blank' class='dskSharingIcon dskSharingIcon_linkedin' data-url='http:\/\/social.nextclient.com\/?site=li&u=https%3A%2F%2Fpardyrodriguezlaw.com%2Fes%2Fareas-de-practica%2Fresbalones-y-caidas%2F'><img decoding=\"async\" alt=\"LinkedIn\" title=\"LinkedIn\" src=\"https:\/\/d78c52a599aaa8c95ebc-9d8e71b4cb418bfe1b178f82d9996947.ssl.cf1.rackcdn.com\/dsk_sharing\/icons\/ftlg_16.png\"><\/a>\n\t\t\t<\/div>","protected":false},"excerpt":{"rendered":"<p>Abogados de Resbalones y Ca\u00eddas en Orlando Tampa | Kissimmee | Poinciana | Bradenton | Davenport Los accidentes por resbalones y ca\u00eddas son especialmente problem\u00e1ticos: pueden ocurrirle a cualquiera, en cualquier lugar y en cualquier momento. Este tipo de accidentes de tropiezos y ca\u00eddas pueden avergonzarnos. Usted puede sentir que no est\u00e1 gravemente herido,&#8230;  <a href=\"https:\/\/pardyrodriguezlaw.com\/es\/areas-de-practica\/resbalones-y-caidas\/\">Read More &raquo;<\/a><\/p>\n","protected":false},"author":17,"featured_media":0,"parent":37,"menu_order":2,"comment_status":"closed","ping_status":"closed","template":"","meta":{"footnotes":""},"class_list":["post-41","page","type-page","status-publish","hentry"],"yoast_head":"<!-- This site is optimized with the Yoast SEO plugin v27.2 - https:\/\/yoast.com\/product\/yoast-seo-wordpress\/ -->\n<title>Resbalones y Ca\u00eddas - Pardy &amp; Rodriguez, P.A.<\/title>\n<meta name=\"robots\" content=\"index, follow, max-snippet:-1, max-image-preview:large, max-video-preview:-1\" \/>\n<link rel=\"canonical\" href=\"https:\/\/pardyrodriguezlaw.com\/es\/areas-de-practica\/resbalones-y-caidas\/\" \/>\n<meta property=\"og:locale\" content=\"en_US\" \/>\n<meta property=\"og:type\" content=\"article\" \/>\n<meta property=\"og:title\" content=\"Resbalones y Ca\u00eddas - Pardy &amp; Rodriguez, P.A.\" \/>\n<meta property=\"og:description\" content=\"Abogados de Resbalones y Ca\u00eddas en Orlando Tampa | Kissimmee | Poinciana | Bradenton | Davenport Los accidentes por resbalones y ca\u00eddas son especialmente problem\u00e1ticos: pueden ocurrirle a cualquiera, en cualquier lugar y en cualquier momento. Este tipo de accidentes de tropiezos y ca\u00eddas pueden avergonzarnos. Usted puede sentir que no est\u00e1 gravemente herido,... Read More &raquo;\" \/>\n<meta property=\"og:url\" content=\"https:\/\/pardyrodriguezlaw.com\/es\/areas-de-practica\/resbalones-y-caidas\/\" \/>\n<meta property=\"og:site_name\" content=\"Pardy &amp; Rodriguez, P.A.\" \/>\n<meta property=\"article:modified_time\" content=\"2025-04-14T12:00:51+00:00\" \/>\n<meta name=\"twitter:card\" content=\"summary_large_image\" \/>\n<meta name=\"twitter:label1\" content=\"Est. reading time\" \/>\n\t<meta name=\"twitter:data1\" content=\"7 minutes\" \/>\n<script type=\"application\/ld+json\" class=\"yoast-schema-graph\">{\"@context\":\"https:\/\/schema.org\",\"@graph\":[{\"@type\":\"WebPage\",\"@id\":\"https:\/\/pardyrodriguezlaw.com\/es\/areas-de-practica\/resbalones-y-caidas\/\",\"url\":\"https:\/\/pardyrodriguezlaw.com\/es\/areas-de-practica\/resbalones-y-caidas\/\",\"name\":\"Resbalones y Ca\u00eddas - Pardy &amp; Rodriguez, P.A.\",\"isPartOf\":{\"@id\":\"https:\/\/pardyrodriguezlaw.com\/es\/#website\"},\"datePublished\":\"2019-09-04T23:28:29+00:00\",\"dateModified\":\"2025-04-14T12:00:51+00:00\",\"breadcrumb\":{\"@id\":\"https:\/\/pardyrodriguezlaw.com\/es\/areas-de-practica\/resbalones-y-caidas\/#breadcrumb\"},\"inLanguage\":\"en-US\",\"potentialAction\":[{\"@type\":\"ReadAction\",\"target\":[\"https:\/\/pardyrodriguezlaw.com\/es\/areas-de-practica\/resbalones-y-caidas\/\"]}]},{\"@type\":\"BreadcrumbList\",\"@id\":\"https:\/\/pardyrodriguezlaw.com\/es\/areas-de-practica\/resbalones-y-caidas\/#breadcrumb\",\"itemListElement\":[{\"@type\":\"ListItem\",\"position\":1,\"name\":\"Home\",\"item\":\"https:\/\/pardyrodriguezlaw.com\/es\/\"},{\"@type\":\"ListItem\",\"position\":2,\"name\":\"Areas de Pr\u00e1ctica\",\"item\":\"https:\/\/pardyrodriguezlaw.com\/es\/areas-de-practica\/\"},{\"@type\":\"ListItem\",\"position\":3,\"name\":\"Resbalones y Ca\u00eddas\"}]},{\"@type\":\"WebSite\",\"@id\":\"https:\/\/pardyrodriguezlaw.com\/es\/#website\",\"url\":\"https:\/\/pardyrodriguezlaw.com\/es\/\",\"name\":\"Pardy &amp; Rodriguez, P.A.\",\"description\":\"\",\"potentialAction\":[{\"@type\":\"SearchAction\",\"target\":{\"@type\":\"EntryPoint\",\"urlTemplate\":\"https:\/\/pardyrodriguezlaw.com\/es\/?s={search_term_string}\"},\"query-input\":{\"@type\":\"PropertyValueSpecification\",\"valueRequired\":true,\"valueName\":\"search_term_string\"}}],\"inLanguage\":\"en-US\"}]}<\/script>\n<!-- \/ Yoast SEO plugin. -->","yoast_head_json":{"title":"Resbalones y Ca\u00eddas - Pardy &amp; Rodriguez, P.A.","robots":{"index":"index","follow":"follow","max-snippet":"max-snippet:-1","max-image-preview":"max-image-preview:large","max-video-preview":"max-video-preview:-1"},"canonical":"https:\/\/pardyrodriguezlaw.com\/es\/areas-de-practica\/resbalones-y-caidas\/","og_locale":"en_US","og_type":"article","og_title":"Resbalones y Ca\u00eddas - Pardy &amp; Rodriguez, P.A.","og_description":"Abogados de Resbalones y Ca\u00eddas en Orlando Tampa | Kissimmee | Poinciana | Bradenton | Davenport Los accidentes por resbalones y ca\u00eddas son especialmente problem\u00e1ticos: pueden ocurrirle a cualquiera, en cualquier lugar y en cualquier momento. Este tipo de accidentes de tropiezos y ca\u00eddas pueden avergonzarnos. Usted puede sentir que no est\u00e1 gravemente herido,... Read More &raquo;","og_url":"https:\/\/pardyrodriguezlaw.com\/es\/areas-de-practica\/resbalones-y-caidas\/","og_site_name":"Pardy &amp; Rodriguez, P.A.","article_modified_time":"2025-04-14T12:00:51+00:00","twitter_card":"summary_large_image","twitter_misc":{"Est. reading time":"7 minutes"},"schema":{"@context":"https:\/\/schema.org","@graph":[{"@type":"WebPage","@id":"https:\/\/pardyrodriguezlaw.com\/es\/areas-de-practica\/resbalones-y-caidas\/","url":"https:\/\/pardyrodriguezlaw.com\/es\/areas-de-practica\/resbalones-y-caidas\/","name":"Resbalones y Ca\u00eddas - Pardy &amp; Rodriguez, P.A.","isPartOf":{"@id":"https:\/\/pardyrodriguezlaw.com\/es\/#website"},"datePublished":"2019-09-04T23:28:29+00:00","dateModified":"2025-04-14T12:00:51+00:00","breadcrumb":{"@id":"https:\/\/pardyrodriguezlaw.com\/es\/areas-de-practica\/resbalones-y-caidas\/#breadcrumb"},"inLanguage":"en-US","potentialAction":[{"@type":"ReadAction","target":["https:\/\/pardyrodriguezlaw.com\/es\/areas-de-practica\/resbalones-y-caidas\/"]}]},{"@type":"BreadcrumbList","@id":"https:\/\/pardyrodriguezlaw.com\/es\/areas-de-practica\/resbalones-y-caidas\/#breadcrumb","itemListElement":[{"@type":"ListItem","position":1,"name":"Home","item":"https:\/\/pardyrodriguezlaw.com\/es\/"},{"@type":"ListItem","position":2,"name":"Areas de Pr\u00e1ctica","item":"https:\/\/pardyrodriguezlaw.com\/es\/areas-de-practica\/"},{"@type":"ListItem","position":3,"name":"Resbalones y Ca\u00eddas"}]},{"@type":"WebSite","@id":"https:\/\/pardyrodriguezlaw.com\/es\/#website","url":"https:\/\/pardyrodriguezlaw.com\/es\/","name":"Pardy &amp; Rodriguez, P.A.","description":"","potentialAction":[{"@type":"SearchAction","target":{"@type":"EntryPoint","urlTemplate":"https:\/\/pardyrodriguezlaw.com\/es\/?s={search_term_string}"},"query-input":{"@type":"PropertyValueSpecification","valueRequired":true,"valueName":"search_term_string"}}],"inLanguage":"en-US"}]}},"_links":{"self":[{"href":"https:\/\/pardyrodriguezlaw.com\/es\/wp-json\/wp\/v2\/pages\/41","targetHints":{"allow":["GET"]}}],"collection":[{"href":"https:\/\/pardyrodriguezlaw.com\/es\/wp-json\/wp\/v2\/pages"}],"about":[{"href":"https:\/\/pardyrodriguezlaw.com\/es\/wp-json\/wp\/v2\/types\/page"}],"author":[{"embeddable":true,"href":"https:\/\/pardyrodriguezlaw.com\/es\/wp-json\/wp\/v2\/users\/17"}],"replies":[{"embeddable":true,"href":"https:\/\/pardyrodriguezlaw.com\/es\/wp-json\/wp\/v2\/comments?post=41"}],"version-history":[{"count":0,"href":"https:\/\/pardyrodriguezlaw.com\/es\/wp-json\/wp\/v2\/pages\/41\/revisions"}],"up":[{"embeddable":true,"href":"https:\/\/pardyrodriguezlaw.com\/es\/wp-json\/wp\/v2\/pages\/37"}],"wp:attachment":[{"href":"https:\/\/pardyrodriguezlaw.com\/es\/wp-json\/wp\/v2\/media?parent=41"}],"curies":[{"name":"wp","href":"https:\/\/api.w.org\/{rel}","templated":true}]}}